{"id":251,"date":"2020-01-08T14:59:28","date_gmt":"2020-01-08T13:59:28","guid":{"rendered":"https:\/\/koinoniakids.org\/?page_id=251"},"modified":"2025-12-05T03:13:23","modified_gmt":"2025-12-05T02:13:23","slug":"training","status":"publish","type":"page","link":"https:\/\/koinoniakids.org\/nl\/about-us\/training\/","title":{"rendered":"Training"},"content":{"rendered":"<div data-elementor-type=\"wp-page\" data-elementor-id=\"251\" class=\"elementor elementor-251\" data-elementor-post-type=\"page\">\n\t\t\t\t\t\t<section class=\"elementor-section elementor-top-section elementor-element elementor-element-9f79fe0 elementor-section-boxed elementor-section-height-default elementor-section-height-default\" data-id=\"9f79fe0\" data-element_type=\"section\" data-e-type=\"section\">\n\t\t\t\t\t\t<div class=\"elementor-container elementor-column-gap-default\">\n\t\t\t\t\t<div class=\"elementor-column elementor-col-100 elementor-top-column elementor-element elementor-element-73e4b82\" data-id=\"73e4b82\" data-element_type=\"column\" data-e-type=\"column\">\n\t\t\t<div class=\"elementor-widget-wrap elementor-element-populated\">\n\t\t\t\t\t\t<div class=\"elementor-element elementor-element-7158901 elementor-widget elementor-widget-heading\" data-id=\"7158901\" data-element_type=\"widget\" data-e-type=\"widget\" data-widget_type=\"heading.default\">\n\t\t\t\t<div class=\"elementor-widget-container\">\n\t\t\t\t\t<h1 class=\"elementor-heading-title elementor-size-default\">Training<\/h1>\t\t\t\t<\/div>\n\t\t\t\t<\/div>\n\t\t\t\t<div class=\"elementor-element elementor-element-c8f842e elementor-widget elementor-widget-heading\" data-id=\"c8f842e\" data-element_type=\"widget\" data-e-type=\"widget\" data-widget_type=\"heading.default\">\n\t\t\t\t<div class=\"elementor-widget-container\">\n\t\t\t\t\t<h5 class=\"elementor-heading-title elementor-size-default\">Kisoro-trainingsprogramma op maat<\/h5>\t\t\t\t<\/div>\n\t\t\t\t<\/div>\n\t\t\t\t\t<\/div>\n\t\t<\/div>\n\t\t\t\t\t<\/div>\n\t\t<\/section>\n\t\t\t\t<section class=\"elementor-section elementor-top-section elementor-element elementor-element-02a67e8 elementor-section-boxed elementor-section-height-default elementor-section-height-default\" data-id=\"02a67e8\" data-element_type=\"section\" data-e-type=\"section\">\n\t\t\t\t\t\t<div class=\"elementor-container elementor-column-gap-default\">\n\t\t\t\t\t<div class=\"elementor-column elementor-col-100 elementor-top-column elementor-element elementor-element-cc3d412\" data-id=\"cc3d412\" data-element_type=\"column\" data-e-type=\"column\">\n\t\t\t<div class=\"elementor-widget-wrap elementor-element-populated\">\n\t\t\t\t\t\t<div class=\"elementor-element elementor-element-c7612a1 elementor-widget elementor-widget-text-editor\" data-id=\"c7612a1\" data-element_type=\"widget\" data-e-type=\"widget\" data-widget_type=\"text-editor.default\">\n\t\t\t\t<div class=\"elementor-widget-container\">\n\t\t\t\t\t\t\t\t\t<p><b>Vaardigheden zijn essentieel voor de gezonde ontwikkeling van een kind. <\/b>We are committed to giving all our children the opportunity to pursue training. This is an essential part of their overall education and their future success. In addition to formal schooling, our children can follow vocational training courses such as sewing and woodworking. For many, this is a fun and enriching part of daily life. For others, it becomes a crucial source of income for the entire family.<\/p><p class=\"translation-block\"><b>De naaiworkshop in Kisoro begon in 2013 als een aanvullende activiteit.<\/b> De enthousiaste docent begon destijds met 11 kinderen. Het enthousiasme van de kinderen werkte al snel aanstekelijk en \u00e9\u00e9n voor \u00e9\u00e9n vroegen anderen of ze ook aan de lessen konden deelnemen. Jong en oud, alle leeftijden waren welkom. De lessen werden al snel uitgebreid naar vier lessen per week, verdeeld over twee niveaus.<\/p>\t\t\t\t\t\t\t\t<\/div>\n\t\t\t\t<\/div>\n\t\t\t\t\t<\/div>\n\t\t<\/div>\n\t\t\t\t\t<\/div>\n\t\t<\/section>\n\t\t\t\t<section class=\"elementor-section elementor-top-section elementor-element elementor-element-9195153 elementor-section-boxed elementor-section-height-default elementor-section-height-default\" data-id=\"9195153\" data-element_type=\"section\" data-e-type=\"section\">\n\t\t\t\t\t\t<div class=\"elementor-container elementor-column-gap-default\">\n\t\t\t\t\t<div class=\"elementor-column elementor-col-50 elementor-top-column elementor-element elementor-element-41a6fcc\" data-id=\"41a6fcc\" data-element_type=\"column\" data-e-type=\"column\">\n\t\t\t<div class=\"elementor-widget-wrap elementor-element-populated\">\n\t\t\t\t\t\t<div class=\"elementor-element elementor-element-39707a2 elementor-widget elementor-widget-text-editor\" data-id=\"39707a2\" data-element_type=\"widget\" data-e-type=\"widget\" data-widget_type=\"text-editor.default\">\n\t\t\t\t<div class=\"elementor-widget-container\">\n\t\t\t\t\t\t\t\t\t<p><b>Het trainingsprogramma omvat de volgende leerstappen:<\/b><\/p><ul><li><ul type=\"disc\"><li>Verkoop<\/li><li>Naald en draad<\/li><li>Naaimachine<\/li><li>Fijne afwerking<\/li><\/ul><\/li><\/ul><p><b>De cursus biedt twee soorten trainingen:<\/b><\/p><ol start=\"1\" type=\"1\"><li>Training op handmatige naaimachines<\/li><li>Training op elektrische naaimachines<\/li><\/ol><p class=\"translation-block\"><b>Veel van onze kinderen beheersen deze vaardigheden goed en kunnen ze gebruiken om hun families financieel te ondersteunen.<\/b> Om dit mogelijk te maken, investeren we graag in een startpakket, inclusief een naaimachine. We bieden ook een hervestigingspakket om toekomstige zelfredzaamheid te ondersteunen.<\/p><p class=\"translation-block\"><b>Deze vaardigheden zijn niet alleen waardevol voor de toekomst \u2014 onze getalenteerde kinderen maken er vandaag al goed gebruik van<\/b> door rugzakken, toilettassen en zondagskleding voor persoonlijk gebruik te maken.<\/p>\t\t\t\t\t\t\t\t<\/div>\n\t\t\t\t<\/div>\n\t\t\t\t\t<\/div>\n\t\t<\/div>\n\t\t\t\t<div class=\"elementor-column elementor-col-50 elementor-top-column elementor-element elementor-element-94a2189\" data-id=\"94a2189\" data-element_type=\"column\" data-e-type=\"column\">\n\t\t\t<div class=\"elementor-widget-wrap elementor-element-populated\">\n\t\t\t\t\t\t<div class=\"elementor-element elementor-element-e7150f2 elementor-arrows-position-inside elementor-pagination-position-outside elementor-widget elementor-widget-image-carousel\" data-id=\"e7150f2\" data-element_type=\"widget\" data-e-type=\"widget\" data-settings=\"{&quot;slides_to_show&quot;:&quot;1&quot;,&quot;navigation&quot;:&quot;both&quot;,&quot;autoplay&quot;:&quot;yes&quot;,&quot;pause_on_hover&quot;:&quot;yes&quot;,&quot;pause_on_interaction&quot;:&quot;yes&quot;,&quot;autoplay_speed&quot;:5000,&quot;infinite&quot;:&quot;yes&quot;,&quot;effect&quot;:&quot;slide&quot;,&quot;speed&quot;:500}\" data-widget_type=\"image-carousel.default\">\n\t\t\t\t<div class=\"elementor-widget-container\">\n\t\t\t\t\t\t\t<div class=\"elementor-image-carousel-wrapper swiper\" role=\"region\" aria-roledescription=\"carousel\" aria-label=\"Image Carousel\" dir=\"ltr\">\n\t\t\t<div class=\"elementor-image-carousel swiper-wrapper\" aria-live=\"off\">\n\t\t\t\t\t\t\t\t<div class=\"swiper-slide\" role=\"group\" aria-roledescription=\"slide\" aria-label=\"1 van 4\" data-no-translation-aria-label=\"\"><figure class=\"swiper-slide-inner\"><img decoding=\"async\" class=\"swiper-slide-image\" src=\"https:\/\/koinoniakids.org\/wp-content\/uploads\/2025\/06\/naaiwerk3-768x1037.jpg\" alt=\"naaiwerk3\" \/><\/figure><\/div><div class=\"swiper-slide\" role=\"group\" aria-roledescription=\"slide\" aria-label=\"2 van 4\" data-no-translation-aria-label=\"\"><figure class=\"swiper-slide-inner\"><img decoding=\"async\" class=\"swiper-slide-image\" src=\"https:\/\/koinoniakids.org\/wp-content\/uploads\/2025\/06\/naaiwerk2-1-768x564.jpg\" alt=\"naaiwerk2\" \/><\/figure><\/div><div class=\"swiper-slide\" role=\"group\" aria-roledescription=\"slide\" aria-label=\"3 van 4\" data-no-translation-aria-label=\"\"><figure class=\"swiper-slide-inner\"><img decoding=\"async\" class=\"swiper-slide-image\" src=\"https:\/\/koinoniakids.org\/wp-content\/uploads\/2025\/06\/naaiwerk-768x501.jpg\" alt=\"naaiwerk\" \/><\/figure><\/div><div class=\"swiper-slide\" role=\"group\" aria-roledescription=\"slide\" aria-label=\"4 van 4\" data-no-translation-aria-label=\"\"><figure class=\"swiper-slide-inner\"><img decoding=\"async\" class=\"swiper-slide-image\" src=\"https:\/\/koinoniakids.org\/wp-content\/uploads\/2025\/06\/naaiwerk8-768x512.jpg\" alt=\"naaiwerk8\" \/><\/figure><\/div>\t\t\t<\/div>\n\t\t\t\t\t\t\t\t\t\t\t\t<div class=\"elementor-swiper-button elementor-swiper-button-prev\" role=\"button\" tabindex=\"0\">\n\t\t\t\t\t\t<i aria-hidden=\"true\" class=\"eicon-chevron-left\"><\/i>\t\t\t\t\t<\/div>\n\t\t\t\t\t<div class=\"elementor-swiper-button elementor-swiper-button-next\" role=\"button\" tabindex=\"0\">\n\t\t\t\t\t\t<i aria-hidden=\"true\" class=\"eicon-chevron-right\"><\/i>\t\t\t\t\t<\/div>\n\t\t\t\t\n\t\t\t\t\t\t\t\t\t<div class=\"swiper-pagination\"><\/div>\n\t\t\t\t\t\t\t\t\t<\/div>\n\t\t\t\t\t\t<\/div>\n\t\t\t\t<\/div>\n\t\t\t\t\t<\/div>\n\t\t<\/div>\n\t\t\t\t\t<\/div>\n\t\t<\/section>\n\t\t\t\t<section class=\"elementor-section elementor-top-section elementor-element elementor-element-5c8d046 elementor-section-boxed elementor-section-height-default elementor-section-height-default\" data-id=\"5c8d046\" data-element_type=\"section\" data-e-type=\"section\">\n\t\t\t\t\t\t<div class=\"elementor-container elementor-column-gap-default\">\n\t\t\t\t\t<div class=\"elementor-column elementor-col-50 elementor-top-column elementor-element elementor-element-9fae012\" data-id=\"9fae012\" data-element_type=\"column\" data-e-type=\"column\">\n\t\t\t<div class=\"elementor-widget-wrap elementor-element-populated\">\n\t\t\t\t\t\t<div class=\"elementor-element elementor-element-7faf796 elementor-widget elementor-widget-image\" data-id=\"7faf796\" data-element_type=\"widget\" data-e-type=\"widget\" data-widget_type=\"image.default\">\n\t\t\t\t<div class=\"elementor-widget-container\">\n\t\t\t\t\t\t\t\t\t\t\t\t\t\t\t<img fetchpriority=\"high\" decoding=\"async\" width=\"811\" height=\"1024\" src=\"https:\/\/koinoniakids.org\/wp-content\/uploads\/2025\/06\/naaiwerk1-811x1024.jpg\" class=\"attachment-large size-large wp-image-4227\" alt=\"\" srcset=\"https:\/\/koinoniakids.org\/wp-content\/uploads\/2025\/06\/naaiwerk1-811x1024.jpg 811w, https:\/\/koinoniakids.org\/wp-content\/uploads\/2025\/06\/naaiwerk1-238x300.jpg 238w, https:\/\/koinoniakids.org\/wp-content\/uploads\/2025\/06\/naaiwerk1-768x970.jpg 768w, https:\/\/koinoniakids.org\/wp-content\/uploads\/2025\/06\/naaiwerk1.jpg 1196w\" sizes=\"(max-width: 811px) 100vw, 811px\" \/>\t\t\t\t\t\t\t\t\t\t\t\t\t\t\t<\/div>\n\t\t\t\t<\/div>\n\t\t\t\t\t<\/div>\n\t\t<\/div>\n\t\t\t\t<div class=\"elementor-column elementor-col-50 elementor-top-column elementor-element elementor-element-41210a5\" data-id=\"41210a5\" data-element_type=\"column\" data-e-type=\"column\">\n\t\t\t<div class=\"elementor-widget-wrap elementor-element-populated\">\n\t\t\t\t\t\t<div class=\"elementor-element elementor-element-11e29ac elementor-widget elementor-widget-text-editor\" data-id=\"11e29ac\" data-element_type=\"widget\" data-e-type=\"widget\" data-widget_type=\"text-editor.default\">\n\t\t\t\t<div class=\"elementor-widget-container\">\n\t\t\t\t\t\t\t\t\t<h4 class=\"translation-block\"><a href=\"https:\/\/koinoniakids.org\/nl\/how-can-you-help\/\" target=\"_self\">WORD DEEL VAN DE OPLOSSING<br>EN ONTDEK HOE U VANDAAG NOG KUNT HELPEN!<\/a><\/h4><h5><a href=\"https:\/\/koinoniakids.org\/nl\/how-can-you-help\/\">Er wacht een kind!<\/a><\/h5><h2>LEES MEER OVER ONZE ANDERE PROJECTEN<\/h2><p><a href=\"https:\/\/koinoniakids.org\/nl\/projects\/kisoro\/\"><br \/>KISORO<br \/><\/a><br \/><a href=\"https:\/\/koinoniakids.org\/nl\/projects\/kabale\/\"><br \/>KABALE<br \/><\/a><br \/><a href=\"https:\/\/koinoniakids.org\/nl\/projects\/kampala-wakiso\/\"><br \/>WAKISO-KAMPALA<br \/><\/a><br \/><a href=\"https:\/\/koinoniakids.org\/nl\/projects\/napal-north-uganda\/\"><br \/>NAPAK-NORTH<\/a><\/p>\t\t\t\t\t\t\t\t<\/div>\n\t\t\t\t<\/div>\n\t\t\t\t\t<\/div>\n\t\t<\/div>\n\t\t\t\t\t<\/div>\n\t\t<\/section>\n\t\t\t\t<\/div>","protected":false},"excerpt":{"rendered":"<p>Training Kisoro Tailored Training Program Skills are vital to a child&#8217;s healthy development. We are committed to giving all our children the opportunity to pursue training. This is an essential part of their overall education and their future success. In addition to formal schooling, our children can follow vocational training courses such as sewing and [&hellip;]<\/p>\n","protected":false},"author":1,"featured_media":0,"parent":212,"menu_order":0,"comment_status":"closed","ping_status":"closed","template":"","meta":{"cybocfi_hide_featured_image":"","footnotes":""},"class_list":["post-251","page","type-page","status-publish","hentry","post"],"yoast_head":"<!-- This site is optimized with the Yoast SEO plugin v27.1.1 - https:\/\/yoast.com\/product\/yoast-seo-wordpress\/ -->\n<title>Training - Koinonia Kids vzw<\/title>\n<meta name=\"robots\" content=\"index, follow, max-snippet:-1, max-image-preview:large, max-video-preview:-1\" \/>\n<link rel=\"canonical\" href=\"https:\/\/koinoniakids.org\/nl\/about-us\/training\/\" \/>\n<meta property=\"og:locale\" content=\"nl_NL\" \/>\n<meta property=\"og:type\" content=\"article\" \/>\n<meta property=\"og:title\" content=\"Training - Koinonia Kids vzw\" \/>\n<meta property=\"og:description\" content=\"Training Kisoro Tailored Training Program Skills are vital to a child&#8217;s healthy development. We are committed to giving all our children the opportunity to pursue training. This is an essential part of their overall education and their future success. In addition to formal schooling, our children can follow vocational training courses such as sewing and [&hellip;]\" \/>\n<meta property=\"og:url\" content=\"https:\/\/koinoniakids.org\/nl\/about-us\/training\/\" \/>\n<meta property=\"og:site_name\" content=\"Koinonia Kids vzw\" \/>\n<meta property=\"article:publisher\" content=\"https:\/\/www.facebook.com\/KoinoniaKids\" \/>\n<meta property=\"article:modified_time\" content=\"2025-12-05T02:13:23+00:00\" \/>\n<meta property=\"og:image\" content=\"https:\/\/koinoniakids.org\/wp-content\/uploads\/2025\/06\/naaiwerk3-768x1037.jpg\" \/>\n<meta name=\"twitter:card\" content=\"summary_large_image\" \/>\n<meta name=\"twitter:label1\" content=\"Geschatte leestijd\" \/>\n\t<meta name=\"twitter:data1\" content=\"3 minuten\" \/>\n<script type=\"application\/ld+json\" class=\"yoast-schema-graph\">{\"@context\":\"https:\/\/schema.org\",\"@graph\":[{\"@type\":\"WebPage\",\"@id\":\"https:\/\/koinoniakids.org\/about-us\/training\/\",\"url\":\"https:\/\/koinoniakids.org\/about-us\/training\/\",\"name\":\"Training - Koinonia Kids vzw\",\"isPartOf\":{\"@id\":\"https:\/\/koinoniakids.org\/#website\"},\"primaryImageOfPage\":{\"@id\":\"https:\/\/koinoniakids.org\/about-us\/training\/#primaryimage\"},\"image\":{\"@id\":\"https:\/\/koinoniakids.org\/about-us\/training\/#primaryimage\"},\"thumbnailUrl\":\"https:\/\/koinoniakids.org\/wp-content\/uploads\/2025\/06\/naaiwerk3-768x1037.jpg\",\"datePublished\":\"2020-01-08T13:59:28+00:00\",\"dateModified\":\"2025-12-05T02:13:23+00:00\",\"breadcrumb\":{\"@id\":\"https:\/\/koinoniakids.org\/about-us\/training\/#breadcrumb\"},\"inLanguage\":\"nl-NL\",\"potentialAction\":[{\"@type\":\"ReadAction\",\"target\":[\"https:\/\/koinoniakids.org\/about-us\/training\/\"]}]},{\"@type\":\"ImageObject\",\"inLanguage\":\"nl-NL\",\"@id\":\"https:\/\/koinoniakids.org\/about-us\/training\/#primaryimage\",\"url\":\"https:\/\/koinoniakids.org\/wp-content\/uploads\/2025\/06\/naaiwerk3-768x1037.jpg\",\"contentUrl\":\"https:\/\/koinoniakids.org\/wp-content\/uploads\/2025\/06\/naaiwerk3-768x1037.jpg\"},{\"@type\":\"BreadcrumbList\",\"@id\":\"https:\/\/koinoniakids.org\/about-us\/training\/#breadcrumb\",\"itemListElement\":[{\"@type\":\"ListItem\",\"position\":1,\"name\":\"Home\",\"item\":\"https:\/\/koinoniakids.org\/\"},{\"@type\":\"ListItem\",\"position\":2,\"name\":\"About\",\"item\":\"https:\/\/koinoniakids.org\/about-us\/\"},{\"@type\":\"ListItem\",\"position\":3,\"name\":\"Training\"}]},{\"@type\":\"WebSite\",\"@id\":\"https:\/\/koinoniakids.org\/#website\",\"url\":\"https:\/\/koinoniakids.org\/\",\"name\":\"Koinonia Kids vzw\",\"description\":\"GIVE HOPE - every child is valuable\",\"potentialAction\":[{\"@type\":\"SearchAction\",\"target\":{\"@type\":\"EntryPoint\",\"urlTemplate\":\"https:\/\/koinoniakids.org\/?s={search_term_string}\"},\"query-input\":{\"@type\":\"PropertyValueSpecification\",\"valueRequired\":true,\"valueName\":\"search_term_string\"}}],\"inLanguage\":\"nl-NL\"}]}<\/script>\n<!-- \/ Yoast SEO plugin. -->","yoast_head_json":{"title":"Training - Koinonia Kids vzw","robots":{"index":"index","follow":"follow","max-snippet":"max-snippet:-1","max-image-preview":"max-image-preview:large","max-video-preview":"max-video-preview:-1"},"canonical":"https:\/\/koinoniakids.org\/nl\/about-us\/training\/","og_locale":"nl_NL","og_type":"article","og_title":"Training - Koinonia Kids vzw","og_description":"Training Kisoro Tailored Training Program Skills are vital to a child&#8217;s healthy development. We are committed to giving all our children the opportunity to pursue training. This is an essential part of their overall education and their future success. In addition to formal schooling, our children can follow vocational training courses such as sewing and [&hellip;]","og_url":"https:\/\/koinoniakids.org\/nl\/about-us\/training\/","og_site_name":"Koinonia Kids vzw","article_publisher":"https:\/\/www.facebook.com\/KoinoniaKids","article_modified_time":"2025-12-05T02:13:23+00:00","og_image":[{"url":"https:\/\/koinoniakids.org\/wp-content\/uploads\/2025\/06\/naaiwerk3-768x1037.jpg","type":"","width":"","height":""}],"twitter_card":"summary_large_image","twitter_misc":{"Geschatte leestijd":"3 minuten"},"schema":{"@context":"https:\/\/schema.org","@graph":[{"@type":"WebPage","@id":"https:\/\/koinoniakids.org\/about-us\/training\/","url":"https:\/\/koinoniakids.org\/about-us\/training\/","name":"Training - Koinonia Kids vzw","isPartOf":{"@id":"https:\/\/koinoniakids.org\/#website"},"primaryImageOfPage":{"@id":"https:\/\/koinoniakids.org\/about-us\/training\/#primaryimage"},"image":{"@id":"https:\/\/koinoniakids.org\/about-us\/training\/#primaryimage"},"thumbnailUrl":"https:\/\/koinoniakids.org\/wp-content\/uploads\/2025\/06\/naaiwerk3-768x1037.jpg","datePublished":"2020-01-08T13:59:28+00:00","dateModified":"2025-12-05T02:13:23+00:00","breadcrumb":{"@id":"https:\/\/koinoniakids.org\/about-us\/training\/#breadcrumb"},"inLanguage":"nl-NL","potentialAction":[{"@type":"ReadAction","target":["https:\/\/koinoniakids.org\/about-us\/training\/"]}]},{"@type":"ImageObject","inLanguage":"nl-NL","@id":"https:\/\/koinoniakids.org\/about-us\/training\/#primaryimage","url":"https:\/\/koinoniakids.org\/wp-content\/uploads\/2025\/06\/naaiwerk3-768x1037.jpg","contentUrl":"https:\/\/koinoniakids.org\/wp-content\/uploads\/2025\/06\/naaiwerk3-768x1037.jpg"},{"@type":"BreadcrumbList","@id":"https:\/\/koinoniakids.org\/about-us\/training\/#breadcrumb","itemListElement":[{"@type":"ListItem","position":1,"name":"Home","item":"https:\/\/koinoniakids.org\/"},{"@type":"ListItem","position":2,"name":"About","item":"https:\/\/koinoniakids.org\/about-us\/"},{"@type":"ListItem","position":3,"name":"Training"}]},{"@type":"WebSite","@id":"https:\/\/koinoniakids.org\/#website","url":"https:\/\/koinoniakids.org\/","name":"Koinonia Kids vzw","description":"GIVE HOPE - every child is valuable","potentialAction":[{"@type":"SearchAction","target":{"@type":"EntryPoint","urlTemplate":"https:\/\/koinoniakids.org\/?s={search_term_string}"},"query-input":{"@type":"PropertyValueSpecification","valueRequired":true,"valueName":"search_term_string"}}],"inLanguage":"nl-NL"}]}},"_links":{"self":[{"href":"https:\/\/koinoniakids.org\/nl\/wp-json\/wp\/v2\/pages\/251","targetHints":{"allow":["GET"]}}],"collection":[{"href":"https:\/\/koinoniakids.org\/nl\/wp-json\/wp\/v2\/pages"}],"about":[{"href":"https:\/\/koinoniakids.org\/nl\/wp-json\/wp\/v2\/types\/page"}],"author":[{"embeddable":true,"href":"https:\/\/koinoniakids.org\/nl\/wp-json\/wp\/v2\/users\/1"}],"replies":[{"embeddable":true,"href":"https:\/\/koinoniakids.org\/nl\/wp-json\/wp\/v2\/comments?post=251"}],"version-history":[{"count":151,"href":"https:\/\/koinoniakids.org\/nl\/wp-json\/wp\/v2\/pages\/251\/revisions"}],"predecessor-version":[{"id":4669,"href":"https:\/\/koinoniakids.org\/nl\/wp-json\/wp\/v2\/pages\/251\/revisions\/4669"}],"up":[{"embeddable":true,"href":"https:\/\/koinoniakids.org\/nl\/wp-json\/wp\/v2\/pages\/212"}],"wp:attachment":[{"href":"https:\/\/koinoniakids.org\/nl\/wp-json\/wp\/v2\/media?parent=251"}],"curies":[{"name":"wp","href":"https:\/\/api.w.org\/{rel}","templated":true}]}}